{"id":1839,"date":"2025-02-19T20:56:14","date_gmt":"2025-02-19T19:56:14","guid":{"rendered":"https:\/\/sandrateffner.com\/de\/?page_id=1839"},"modified":"2025-11-29T10:51:57","modified_gmt":"2025-11-29T09:51:57","slug":"der-geist-der-hexe","status":"publish","type":"page","link":"https:\/\/sandrateffner.com\/de\/der-geist-der-hexe\/","title":{"rendered":"Der Geist der Hexe"},"content":{"rendered":"\n<div class=\"wp-block-uagb-container uagb-block-b9fcda74 alignfull uagb-is-root-container\"><div class=\"uagb-container-inner-blocks-wrap\">\n<div class=\"wp-block-uagb-advanced-heading uagb-block-fbadf4f2\"><h1 class=\"uagb-heading-text\">Der Geist der Hexe<\/h1><\/div>\n\n\n\n<div class=\"wp-block-uagb-advanced-heading uagb-block-fdbf626e\"><h3 class=\"uagb-heading-text\">Romance-Fantasy-Spielbuch<\/h3><\/div>\n\n\n\n<div class=\"wp-block-uagb-container uagb-block-036c6819 alignfull uagb-is-root-container\"><div class=\"uagb-container-inner-blocks-wrap\">\n<div class=\"wp-block-uagb-container uagb-block-8570906c\">\n<div class=\"wp-block-uagb-image aligncenter uagb-block-006e30e9 wp-block-uagb-image--layout-default wp-block-uagb-image--effect-static wp-block-uagb-image--align-center\"><figure class=\"wp-block-uagb-image__figure\"><img decoding=\"async\" srcset=\"https:\/\/sandrateffner.com\/de\/wp-content\/uploads\/sites\/2\/2025\/03\/Der_Geist_der_Hexe_eBook-800x800-1.webp ,https:\/\/sandrateffner.com\/de\/wp-content\/uploads\/sites\/2\/2025\/03\/Der_Geist_der_Hexe_eBook-800x800-1.webp 780w, https:\/\/sandrateffner.com\/de\/wp-content\/uploads\/sites\/2\/2025\/03\/Der_Geist_der_Hexe_eBook-800x800-1.webp 360w\" sizes=\"auto, (max-width: 480px) 150px\" src=\"https:\/\/sandrateffner.com\/de\/wp-content\/uploads\/sites\/2\/2025\/03\/Der_Geist_der_Hexe_eBook-800x800-1.webp\" alt=\"\" class=\"uag-image-2106\" width=\"624\" height=\"1000\" title=\"Der_Geist_der_Hexe_eBook-800x800\" loading=\"lazy\" role=\"img\"\/><\/figure><\/div>\n<\/div>\n\n\n\n<div class=\"wp-block-uagb-container uagb-block-90fcb529\">\n<div class=\"wp-block-uagb-info-box uagb-block-f4d7f564 uagb-infobox__content-wrap  uagb-infobox-icon-above-title uagb-infobox-image-valign-top\"><div class=\"uagb-ifb-content\"><div class=\"uagb-ifb-title-wrap\"><p class=\"uagb-ifb-title\"><strong>D\u00fcstere Geheimnisse. Ein Geist, der deinen K\u00f6rper \u00fcbernehmen will. Drei au\u00dfergew\u00f6hnliche M\u00e4nner, die dein Schicksal ver\u00e4ndern k\u00f6nnten.<\/strong><\/p><\/div><p class=\"uagb-ifb-desc\">Dein friedliches Leben bei deinen Adoptiveltern wird j\u00e4h unterbrochen, als eines Nachts ein Geist auftaucht. Er ist dein exaktes Ebenbild und will nur eins: deinen K\u00f6rper \u00fcbernehmen!<br><br>Um ihn aufzuhalten, begibst du dich auf eine gef\u00e4hrliche Reise, die dich in die geheimnisvolle Welt der Hexen, Elementare und Werw\u00f6lfe f\u00fchrt. Jede Entscheidung, die du triffst, bringt dich deiner Rettung oder deinem eigenen Untergang n\u00e4her.<br><br><strong>Kannst du den Geist besiegen?<\/strong><br><strong>Wirst du die gro\u00dfe Liebe finden und ihr Herz gewinnen?<\/strong><br><strong>Oder wirst du alles verlieren?<\/strong><br><br><strong>Was dieses Abenteuerspielbuch so einzigartig macht:<\/strong><\/p><\/div><\/div>\n\n\n\n<div class=\"wp-block-uagb-icon-list uagb-block-296b9b7c\"><div class=\"uagb-icon-list__wrap\">\n<div class=\"wp-block-uagb-icon-list-child uagb-block-1616931e\"><span class=\"uagb-icon-list__source-wrap\"><svg xmlns=\"https:\/\/www.w3.org\/2000\/svg\" viewBox=\"0 0 512 512\"><path d=\"M512 256C512 397.4 397.4 512 256 512C114.6 512 0 397.4 0 256C0 114.6 114.6 0 256 0C397.4 0 512 114.6 512 256z\"><\/path><\/svg><\/span><span class=\"uagb-icon-list__label\"><strong>Perfekt f\u00fcr Leserinnen und Leser ab 15 Jahren<\/strong>, die Abenteuer, magische Wesen und Romantik lieben.<\/span><\/div>\n\n\n\n<div class=\"wp-block-uagb-icon-list-child uagb-block-303de14a\"><span class=\"uagb-icon-list__source-wrap\"><svg xmlns=\"https:\/\/www.w3.org\/2000\/svg\" viewBox=\"0 0 512 512\"><path d=\"M512 256C512 397.4 397.4 512 256 512C114.6 512 0 397.4 0 256C0 114.6 114.6 0 256 0C397.4 0 512 114.6 512 256z\"><\/path><\/svg><\/span><span class=\"uagb-icon-list__label\"><strong>Eine viktorianisch inspirierte Welt:<\/strong> Erlebe ein England, in dem Hexen, Vampire und andere Wesen real sind \u2013 und gef\u00fcrchtet.<\/span><\/div>\n\n\n\n<div class=\"wp-block-uagb-icon-list-child uagb-block-a97980aa\"><span class=\"uagb-icon-list__source-wrap\"><svg xmlns=\"https:\/\/www.w3.org\/2000\/svg\" viewBox=\"0 0 512 512\"><path d=\"M512 256C512 397.4 397.4 512 256 512C114.6 512 0 397.4 0 256C0 114.6 114.6 0 256 0C397.4 0 512 114.6 512 256z\"><\/path><\/svg><\/span><span class=\"uagb-icon-list__label\"><strong>Drei m\u00f6gliche Romanzen<\/strong>: Wem willst du dein Herz schenken?<br><strong>\u2022<\/strong> <strong>Einem geheimnisvollen Werwolf<\/strong>: L\u00e4sst du dich von seiner ablehnenden Art abschrecken oder kannst du sein Vertrauen gewinnen?<br><strong>\u2022 Einem liebensw\u00fcrdigen Elementar<\/strong>: Wird dieses \u00fcbernat\u00fcrliche Wesen dein Herz erobern?<br><strong>\u2022<\/strong> <strong>Einem m\u00e4chtigen Exorzisten<\/strong>: Wird seine Macht jedoch ausreichen, um euch beide zu retten?<\/span><\/div>\n\n\n\n<div class=\"wp-block-uagb-icon-list-child uagb-block-921a6e53\"><span class=\"uagb-icon-list__source-wrap\"><svg xmlns=\"https:\/\/www.w3.org\/2000\/svg\" viewBox=\"0 0 512 512\"><path d=\"M512 256C512 397.4 397.4 512 256 512C114.6 512 0 397.4 0 256C0 114.6 114.6 0 256 0C397.4 0 512 114.6 512 256z\"><\/path><\/svg><\/span><span class=\"uagb-icon-list__label\"><strong>Mehrere Enden<\/strong>: Wirst du dieses Abenteuer \u00fcberleben und das bestm\u00f6gliche Ende mit deinem gew\u00e4hlten Partner finden?<\/span><\/div>\n<\/div><\/div>\n\n\n\n<div class=\"wp-block-uagb-info-box uagb-block-5a83b0b5 uagb-infobox__content-wrap  uagb-infobox-icon-above-title uagb-infobox-image-valign-top\"><div class=\"uagb-ifb-content\"><div class=\"uagb-ifb-title-wrap\"><\/div><p class=\"uagb-ifb-desc\">Bist du bereit, dich deinem Schicksal zu stellen? Deine Entscheidungen bestimmen den Verlauf der Geschichte \u2013 und dein Ende.<\/p><\/div><\/div>\n\n\n\n<div class=\"wp-block-uagb-info-box uagb-block-3f309431 uagb-infobox__content-wrap  uagb-infobox-icon-above-title uagb-infobox-image-valign-top wp-block-uagb-info-box--has-margin\"><div class=\"uagb-infobox-margin-wrapper\"><div class=\"uagb-ifb-content\"><div class=\"uagb-ifb-title-wrap\"><h5 class=\"uagb-ifb-title\">Nicht mehr erh\u00e4ltlich<br><br><\/h5><\/div><\/div><\/div><\/div>\n<\/div>\n<\/div><\/div>\n<\/div><\/div>\n","protected":false},"excerpt":{"rendered":"<p>Der Geist der Hexe Romance-Fantasy-Spielbuch<\/p>\n","protected":false},"author":2,"featured_media":0,"parent":0,"menu_order":0,"comment_status":"closed","ping_status":"closed","template":"","meta":{"_uag_custom_page_level_css":"","site-sidebar-layout":"default","site-content-layout":"","ast-site-content-layout":"default","site-content-style":"default","site-sidebar-style":"default","ast-global-header-display":"","ast-banner-title-visibility":"","ast-main-header-display":"","ast-hfb-above-header-display":"","ast-hfb-below-header-display":"","ast-hfb-mobile-header-display":"","site-post-title":"disabled","ast-breadcrumbs-content":"","ast-featured-img":"","footer-sml-layout":"","ast-disable-related-posts":"","theme-transparent-header-meta":"","adv-header-id-meta":"","stick-header-meta":"","header-above-stick-meta":"","header-main-stick-meta":"","header-below-stick-meta":"","astra-migrate-meta-layouts":"set","ast-page-background-enabled":"default","ast-page-background-meta":{"desktop":{"background-color":"","background-image":"","background-repeat":"repeat","background-position":"center center","background-size":"auto","background-attachment":"scroll","background-type":"","background-media":"","overlay-type":"","overlay-color":"","overlay-opacity":"","overlay-gradient":""},"tablet":{"background-color":"","background-image":"","background-repeat":"repeat","background-position":"center center","background-size":"auto","background-attachment":"scroll","background-type":"","background-media":"","overlay-type":"","overlay-color":"","overlay-opacity":"","overlay-gradient":""},"mobile":{"background-color":"","background-image":"","background-repeat":"repeat","background-position":"center center","background-size":"auto","background-attachment":"scroll","background-type":"","background-media":"","overlay-type":"","overlay-color":"","overlay-opacity":"","overlay-gradient":""}},"ast-content-background-meta":{"desktop":{"background-color":"var(--ast-global-color-5)","background-image":"","background-repeat":"repeat","background-position":"center center","background-size":"auto","background-attachment":"scroll","background-type":"","background-media":"","overlay-type":"","overlay-color":"","overlay-opacity":"","overlay-gradient":""},"tablet":{"background-color":"var(--ast-global-color-5)","background-image":"","background-repeat":"repeat","background-position":"center center","background-size":"auto","background-attachment":"scroll","background-type":"","background-media":"","overlay-type":"","overlay-color":"","overlay-opacity":"","overlay-gradient":""},"mobile":{"background-color":"var(--ast-global-color-5)","background-image":"","background-repeat":"repeat","background-position":"center center","background-size":"auto","background-attachment":"scroll","background-type":"","background-media":"","overlay-type":"","overlay-color":"","overlay-opacity":"","overlay-gradient":""}},"footnotes":""},"class_list":["post-1839","page","type-page","status-publish","hentry"],"uagb_featured_image_src":{"full":false,"thumbnail":false,"medium":false,"medium_large":false,"large":false,"1536x1536":false,"2048x2048":false},"uagb_author_info":{"display_name":"Sandra Teffner","author_link":"https:\/\/sandrateffner.com\/de\/author\/sandrasakae\/"},"uagb_comment_info":0,"uagb_excerpt":"Der Geist der Hexe Romance-Fantasy-Spielbuch","_links":{"self":[{"href":"https:\/\/sandrateffner.com\/de\/wp-json\/wp\/v2\/pages\/1839","targetHints":{"allow":["GET"]}}],"collection":[{"href":"https:\/\/sandrateffner.com\/de\/wp-json\/wp\/v2\/pages"}],"about":[{"href":"https:\/\/sandrateffner.com\/de\/wp-json\/wp\/v2\/types\/page"}],"author":[{"embeddable":true,"href":"https:\/\/sandrateffner.com\/de\/wp-json\/wp\/v2\/users\/2"}],"replies":[{"embeddable":true,"href":"https:\/\/sandrateffner.com\/de\/wp-json\/wp\/v2\/comments?post=1839"}],"version-history":[{"count":3,"href":"https:\/\/sandrateffner.com\/de\/wp-json\/wp\/v2\/pages\/1839\/revisions"}],"predecessor-version":[{"id":2238,"href":"https:\/\/sandrateffner.com\/de\/wp-json\/wp\/v2\/pages\/1839\/revisions\/2238"}],"wp:attachment":[{"href":"https:\/\/sandrateffner.com\/de\/wp-json\/wp\/v2\/media?parent=1839"}],"curies":[{"name":"wp","href":"https:\/\/api.w.org\/{rel}","templated":true}]}}