{"id":1923,"date":"2025-02-20T07:32:28","date_gmt":"2025-02-20T06:32:28","guid":{"rendered":"https:\/\/sandrateffner.com\/de\/?page_id=1923"},"modified":"2025-09-06T15:34:26","modified_gmt":"2025-09-06T13:34:26","slug":"buecher","status":"publish","type":"page","link":"https:\/\/sandrateffner.com\/de\/buecher\/","title":{"rendered":"Fantasy-Spielb\u00fccher"},"content":{"rendered":"\n<div class=\"wp-block-uagb-advanced-heading uagb-block-d19d068c\"><h1 class=\"uagb-heading-text\">Fantasy-Spielb\u00fccher<\/h1><\/div>\n\n\n\n<div class=\"wp-block-uagb-container uagb-layout-flex uagb-block-2dcc0712 alignfull uagb-is-root-container\"><div class=\"uagb-container-inner-blocks-wrap\">\n<div class=\"wp-block-uagb-info-box uagb-block-7ac5e5d0 uagb-infobox__content-wrap  uagb-infobox-icon-above-title uagb-infobox-image-valign-top\"><div class=\"uagb-ifb-content\"><div class=\"uagb-ifb-image-content\"><img decoding=\"async\" src=\"https:\/\/sandrateffner.com\/de\/wp-content\/uploads\/sites\/2\/2025\/03\/Der_Geist_der_Hexe_eBook-360x240-1.webp\" alt=\"\" width=\"240\" height=\"360\" loading=\"lazy\"\/><\/div><div class=\"uagb-ifb-title-wrap\"><span class=\"uagb-ifb-title-prefix\">Der Geist der Hexe<\/span><h5 class=\"uagb-ifb-title\">Nicht mehr erh\u00e4ltlich<br><br>Sandra Teffner<\/h5><\/div><div class=\"uagb-ifb-separator\"><\/div><p class=\"uagb-ifb-desc\">Dein friedliches Leben bei deinen Adoptiveltern wird j\u00e4h unterbrochen, als eines Nachts ein Geist auftaucht. Er ist dein exaktes Ebenbild und will nur eins: deinen K\u00f6rper \u00fcbernehmen!<br><br>Um ihn aufzuhalten, begibst du dich auf eine gef\u00e4hrliche Reise, die dich in die geheimnisvolle Welt der Hexen, Elementare und Werw\u00f6lfe f\u00fchrt. Jede Entscheidung, die du triffst, bringt dich deiner Rettung oder deinem eigenen Untergang n\u00e4her.<\/p><div class=\"uagb-ifb-button-wrapper wp-block-button\"><a href=\"https:\/\/sandrateffner.com\/de\/der-geist-der-hexe\/\" class=\"uagb-infobox-cta-link wp-block-button__link\" target=\"_self\" rel=\"noopener noreferrer\" onclick=\"return true;\"><span class=\"uagb-inline-editing\">Weiterlesen<\/span><svg xmlns=\"https:\/\/www.w3.org\/2000\/svg\" viewBox=\"0 0 512 512\"><path d=\"M502.6 278.6l-128 128c-12.51 12.51-32.76 12.49-45.25 0c-12.5-12.5-12.5-32.75 0-45.25L402.8 288H32C14.31 288 0 273.7 0 255.1S14.31 224 32 224h370.8l-73.38-73.38c-12.5-12.5-12.5-32.75 0-45.25s32.75-12.5 45.25 0l128 128C515.1 245.9 515.1 266.1 502.6 278.6z\"><\/path><\/svg><\/a><\/div><\/div><\/div>\n<\/div><\/div>\n","protected":false},"excerpt":{"rendered":"<p>Fantasy-Spielb\u00fccher<\/p>\n","protected":false},"author":2,"featured_media":0,"parent":0,"menu_order":0,"comment_status":"closed","ping_status":"closed","template":"","meta":{"_uag_custom_page_level_css":"","site-sidebar-layout":"default","site-content-layout":"","ast-site-content-layout":"default","site-content-style":"default","site-sidebar-style":"default","ast-global-header-display":"","ast-banner-title-visibility":"","ast-main-header-display":"","ast-hfb-above-header-display":"","ast-hfb-below-header-display":"","ast-hfb-mobile-header-display":"","site-post-title":"disabled","ast-breadcrumbs-content":"","ast-featured-img":"","footer-sml-layout":"","ast-disable-related-posts":"","theme-transparent-header-meta":"","adv-header-id-meta":"","stick-header-meta":"","header-above-stick-meta":"","header-main-stick-meta":"","header-below-stick-meta":"","astra-migrate-meta-layouts":"set","ast-page-background-enabled":"default","ast-page-background-meta":{"desktop":{"background-color":"","background-image":"","background-repeat":"repeat","background-position":"center center","background-size":"auto","background-attachment":"scroll","background-type":"","background-media":"","overlay-type":"","overlay-color":"","overlay-opacity":"","overlay-gradient":""},"tablet":{"background-color":"","background-image":"","background-repeat":"repeat","background-position":"center center","background-size":"auto","background-attachment":"scroll","background-type":"","background-media":"","overlay-type":"","overlay-color":"","overlay-opacity":"","overlay-gradient":""},"mobile":{"background-color":"","background-image":"","background-repeat":"repeat","background-position":"center center","background-size":"auto","background-attachment":"scroll","background-type":"","background-media":"","overlay-type":"","overlay-color":"","overlay-opacity":"","overlay-gradient":""}},"ast-content-background-meta":{"desktop":{"background-color":"var(--ast-global-color-5)","background-image":"","background-repeat":"repeat","background-position":"center center","background-size":"auto","background-attachment":"scroll","background-type":"","background-media":"","overlay-type":"","overlay-color":"","overlay-opacity":"","overlay-gradient":""},"tablet":{"background-color":"var(--ast-global-color-5)","background-image":"","background-repeat":"repeat","background-position":"center center","background-size":"auto","background-attachment":"scroll","background-type":"","background-media":"","overlay-type":"","overlay-color":"","overlay-opacity":"","overlay-gradient":""},"mobile":{"background-color":"var(--ast-global-color-5)","background-image":"","background-repeat":"repeat","background-position":"center center","background-size":"auto","background-attachment":"scroll","background-type":"","background-media":"","overlay-type":"","overlay-color":"","overlay-opacity":"","overlay-gradient":""}},"footnotes":""},"class_list":["post-1923","page","type-page","status-publish","hentry"],"uagb_featured_image_src":{"full":false,"thumbnail":false,"medium":false,"medium_large":false,"large":false,"1536x1536":false,"2048x2048":false},"uagb_author_info":{"display_name":"Sandra Teffner","author_link":"https:\/\/sandrateffner.com\/de\/author\/sandrasakae\/"},"uagb_comment_info":0,"uagb_excerpt":"Fantasy-Spielb\u00fccher","_links":{"self":[{"href":"https:\/\/sandrateffner.com\/de\/wp-json\/wp\/v2\/pages\/1923","targetHints":{"allow":["GET"]}}],"collection":[{"href":"https:\/\/sandrateffner.com\/de\/wp-json\/wp\/v2\/pages"}],"about":[{"href":"https:\/\/sandrateffner.com\/de\/wp-json\/wp\/v2\/types\/page"}],"author":[{"embeddable":true,"href":"https:\/\/sandrateffner.com\/de\/wp-json\/wp\/v2\/users\/2"}],"replies":[{"embeddable":true,"href":"https:\/\/sandrateffner.com\/de\/wp-json\/wp\/v2\/comments?post=1923"}],"version-history":[{"count":2,"href":"https:\/\/sandrateffner.com\/de\/wp-json\/wp\/v2\/pages\/1923\/revisions"}],"predecessor-version":[{"id":2231,"href":"https:\/\/sandrateffner.com\/de\/wp-json\/wp\/v2\/pages\/1923\/revisions\/2231"}],"wp:attachment":[{"href":"https:\/\/sandrateffner.com\/de\/wp-json\/wp\/v2\/media?parent=1923"}],"curies":[{"name":"wp","href":"https:\/\/api.w.org\/{rel}","templated":true}]}}