{"id":1966,"date":"2025-02-20T09:58:27","date_gmt":"2025-02-20T08:58:27","guid":{"rendered":"https:\/\/sandrateffner.com\/de\/?page_id=1966"},"modified":"2025-11-29T10:53:57","modified_gmt":"2025-11-29T09:53:57","slug":"start","status":"publish","type":"page","link":"https:\/\/sandrateffner.com\/de\/","title":{"rendered":"Start"},"content":{"rendered":"\n<div class=\"wp-block-uagb-container uagb-block-2e152c7d alignfull uagb-is-root-container\"><div class=\"uagb-container-inner-blocks-wrap\">\n<div class=\"wp-block-uagb-container uagb-block-61b45204\">\n<div class=\"wp-block-uagb-image aligncenter uagb-block-9a9b9a66 wp-block-uagb-image--layout-default wp-block-uagb-image--effect-static wp-block-uagb-image--align-center\"><figure class=\"wp-block-uagb-image__figure\"><img decoding=\"async\" srcset=\"https:\/\/sandrateffner.com\/de\/wp-content\/uploads\/sites\/2\/2025\/03\/Der_Geist_der_Hexe_eBook-800x800-1.webp ,https:\/\/sandrateffner.com\/de\/wp-content\/uploads\/sites\/2\/2025\/03\/Der_Geist_der_Hexe_eBook-800x800-1.webp 780w, https:\/\/sandrateffner.com\/de\/wp-content\/uploads\/sites\/2\/2025\/03\/Der_Geist_der_Hexe_eBook-800x800-1.webp 360w\" sizes=\"auto, (max-width: 480px) 150px\" src=\"https:\/\/sandrateffner.com\/de\/wp-content\/uploads\/sites\/2\/2025\/03\/Der_Geist_der_Hexe_eBook-800x800-1.webp\" alt=\"\" class=\"uag-image-2106\" width=\"624\" height=\"1000\" title=\"Der_Geist_der_Hexe_eBook-800x800\" loading=\"lazy\" role=\"img\"\/><\/figure><\/div>\n<\/div>\n\n\n\n<div class=\"wp-block-uagb-container uagb-block-22afcda3\">\n<div class=\"wp-block-uagb-advanced-heading uagb-block-8fc4ba28\"><h2 class=\"uagb-heading-text\">Der Geist der  Hexe<\/h2><\/div>\n\n\n\n<div class=\"wp-block-uagb-advanced-heading uagb-block-445cce2f\"><h4 class=\"uagb-heading-text\">Romance-Fantasy-Spielbuch<\/h4><\/div>\n\n\n\n<div class=\"wp-block-uagb-info-box uagb-block-17c2e6ad uagb-infobox__content-wrap  uagb-infobox-icon-above-title uagb-infobox-image-valign-top\"><div class=\"uagb-ifb-content\"><div class=\"uagb-ifb-title-wrap\"><h5 class=\"uagb-ifb-title\"><strong><strong>D\u00fcstere Geheimnisse. Ein Geist, der deinen K\u00f6rper \u00fcbernehmen will. Drei au\u00dfergew\u00f6hnliche M\u00e4nner, die dein Schicksal ver\u00e4ndern k\u00f6nnten.<\/strong><\/strong><\/h5><\/div><p class=\"uagb-ifb-desc\">Dein friedliches Leben bei deinen Adoptiveltern wird j\u00e4h unterbrochen, als eines Nachts ein Geist auftaucht. Er ist dein exaktes Ebenbild und will nur eins: deinen K\u00f6rper \u00fcbernehmen!<br><br>Um ihn aufzuhalten, begibst du dich auf eine gef\u00e4hrliche Reise, die dich in die geheimnisvolle Welt der Hexen, Elementare und Werw\u00f6lfe f\u00fchrt. Jede Entscheidung, die du triffst, bringt dich deiner Rettung oder deinem eigenen Untergang n\u00e4her.<br><br><strong>Nicht mehr erh\u00e4ltlich<\/strong><\/p><\/div><\/div>\n<\/div>\n<\/div><\/div>\n","protected":false},"excerpt":{"rendered":"<p>Der Geist der Hexe Romance-Fantasy-Spielbuch<\/p>\n","protected":false},"author":2,"featured_media":0,"parent":0,"menu_order":0,"comment_status":"closed","ping_status":"closed","template":"","meta":{"_uag_custom_page_level_css":"","site-sidebar-layout":"default","site-content-layout":"","ast-site-content-layout":"default","site-content-style":"default","site-sidebar-style":"default","ast-global-header-display":"","ast-banner-title-visibility":"","ast-main-header-display":"","ast-hfb-above-header-display":"","ast-hfb-below-header-display":"","ast-hfb-mobile-header-display":"","site-post-title":"disabled","ast-breadcrumbs-content":"","ast-featured-img":"","footer-sml-layout":"","ast-disable-related-posts":"","theme-transparent-header-meta":"","adv-header-id-meta":"","stick-header-meta":"","header-above-stick-meta":"","header-main-stick-meta":"","header-below-stick-meta":"","astra-migrate-meta-layouts":"set","ast-page-background-enabled":"default","ast-page-background-meta":{"desktop":{"background-color":"","background-image":"","background-repeat":"repeat","background-position":"center center","background-size":"auto","background-attachment":"scroll","background-type":"","background-media":"","overlay-type":"","overlay-color":"","overlay-opacity":"","overlay-gradient":""},"tablet":{"background-color":"","background-image":"","background-repeat":"repeat","background-position":"center center","background-size":"auto","background-attachment":"scroll","background-type":"","background-media":"","overlay-type":"","overlay-color":"","overlay-opacity":"","overlay-gradient":""},"mobile":{"background-color":"","background-image":"","background-repeat":"repeat","background-position":"center center","background-size":"auto","background-attachment":"scroll","background-type":"","background-media":"","overlay-type":"","overlay-color":"","overlay-opacity":"","overlay-gradient":""}},"ast-content-background-meta":{"desktop":{"background-color":"var(--ast-global-color-5)","background-image":"","background-repeat":"repeat","background-position":"center center","background-size":"auto","background-attachment":"scroll","background-type":"","background-media":"","overlay-type":"","overlay-color":"","overlay-opacity":"","overlay-gradient":""},"tablet":{"background-color":"var(--ast-global-color-5)","background-image":"","background-repeat":"repeat","background-position":"center center","background-size":"auto","background-attachment":"scroll","background-type":"","background-media":"","overlay-type":"","overlay-color":"","overlay-opacity":"","overlay-gradient":""},"mobile":{"background-color":"var(--ast-global-color-5)","background-image":"","background-repeat":"repeat","background-position":"center center","background-size":"auto","background-attachment":"scroll","background-type":"","background-media":"","overlay-type":"","overlay-color":"","overlay-opacity":"","overlay-gradient":""}},"footnotes":""},"class_list":["post-1966","page","type-page","status-publish","hentry"],"uagb_featured_image_src":{"full":false,"thumbnail":false,"medium":false,"medium_large":false,"large":false,"1536x1536":false,"2048x2048":false},"uagb_author_info":{"display_name":"Sandra Teffner","author_link":"https:\/\/sandrateffner.com\/de\/author\/sandrasakae\/"},"uagb_comment_info":0,"uagb_excerpt":"Der Geist der Hexe Romance-Fantasy-Spielbuch","_links":{"self":[{"href":"https:\/\/sandrateffner.com\/de\/wp-json\/wp\/v2\/pages\/1966","targetHints":{"allow":["GET"]}}],"collection":[{"href":"https:\/\/sandrateffner.com\/de\/wp-json\/wp\/v2\/pages"}],"about":[{"href":"https:\/\/sandrateffner.com\/de\/wp-json\/wp\/v2\/types\/page"}],"author":[{"embeddable":true,"href":"https:\/\/sandrateffner.com\/de\/wp-json\/wp\/v2\/users\/2"}],"replies":[{"embeddable":true,"href":"https:\/\/sandrateffner.com\/de\/wp-json\/wp\/v2\/comments?post=1966"}],"version-history":[{"count":3,"href":"https:\/\/sandrateffner.com\/de\/wp-json\/wp\/v2\/pages\/1966\/revisions"}],"predecessor-version":[{"id":2240,"href":"https:\/\/sandrateffner.com\/de\/wp-json\/wp\/v2\/pages\/1966\/revisions\/2240"}],"wp:attachment":[{"href":"https:\/\/sandrateffner.com\/de\/wp-json\/wp\/v2\/media?parent=1966"}],"curies":[{"name":"wp","href":"https:\/\/api.w.org\/{rel}","templated":true}]}}