{"id":835,"date":"2018-12-05T16:04:53","date_gmt":"2018-12-05T15:04:53","guid":{"rendered":"http:\/\/www.sandra-teffner.de\/?page_id=835"},"modified":"2025-03-15T11:09:38","modified_gmt":"2025-03-15T10:09:38","slug":"impressum","status":"publish","type":"page","link":"https:\/\/sandrateffner.com\/de\/impressum\/","title":{"rendered":"Impressum"},"content":{"rendered":"\n<h1 class=\"wp-block-heading\">Impressum<\/h1>\n\n\n\n<h2 class=\"wp-block-heading\" id=\"m46\">Diensteanbieter<\/h2>\n\n\n\n<p>Sandra Gryzwatz<br>Richard-Wagner-Str. 4b<br>23556 L\u00fcbeck<br>Deutschland<\/p>\n\n\n\n<h2 class=\"wp-block-heading\" id=\"m56\">Kontaktm\u00f6glichkeiten<\/h2>\n\n\n\n<p>E-Mail-Adresse: <a href=\"mailto:kontakt@sandrateffner.com\">kontakt@sandrateffner.com<\/a><\/p>\n\n\n\n<p>Kontaktformular: <a href=\"https:\/\/sandrateffner.com\/de\/kontakt\" target=\"_blank\" rel=\"noreferrer noopener\">https:\/\/sandrateffner.com\/de\/kontakt<\/a><\/p>\n\n\n\n<h2 class=\"wp-block-heading\" id=\"m154\">Journalistisch-redaktionelle Angebote<\/h2>\n\n\n\n<p>Inhaltlich verantwortlich: Sandra Grywatz (Adresse wie oben)<\/p>\n\n\n\n<h2 class=\"wp-block-heading\" id=\"m3589\">Audiovisuelle Mediendienste<\/h2>\n\n\n\n<p>Sitzland: Deutschland.<\/p>\n\n\n\n<p>Zust\u00e4ndige Regulierungs-, bzw. Aufsichtsbeh\u00f6rde: Medienanstalt Hamburg \/ Schleswig-Holstein (MA HSH), <a href=\"https:\/\/www.ma-hsh.de\/\" target=\"_blank\" rel=\"noreferrer noopener\">https:\/\/www.ma-hsh.de\/<\/a><\/p>\n\n\n\n<h2 class=\"wp-block-heading\" id=\"m58\">Angaben zum Unternehmen<\/h2>\n\n\n\n<h2 class=\"wp-block-heading\" id=\"m172\">Social Media und andere Onlinepr\u00e4senzen<\/h2>\n\n\n\n<p>Dieses Impressum gilt auch f\u00fcr die folgenden Social-Media-Pr\u00e4senzen und Onlineprofile:<\/p>\n\n\n\n<p>Facebook: <a href=\"https:\/\/www.facebook.com\/sandrateffner\">https:\/\/www.facebook.com\/sandrateffner<\/a><\/p>\n\n\n\n<p>Instagram: <a href=\"https:\/\/www.instagram.com\/sandrateffner\/\">https:\/\/www.instagram.com\/sandrateffner\/<\/a><\/p>\n\n\n\n<p>Pinterest: <a href=\"https:\/\/de.pinterest.com\/sandrateffner\/\">https:\/\/de.pinterest.com\/sandrateffner\/<\/a><\/p>\n\n\n\n<p>TikTok: <a href=\"https:\/\/www.tiktok.com\/@sandrateffner\">https:\/\/www.tiktok.com\/@sandrateffner<\/a><\/p>\n\n\n\n<p>X: <a href=\"https:\/\/x.com\/SandraTeffner\">https:\/\/x.com\/SandraTeffner<\/a><\/p>\n\n\n\n<p>Youtube: <a href=\"https:\/\/www.youtube.com\/@sandrateffner\">https:\/\/www.youtube.com\/@sandrateffner<\/a><\/p>\n\n\n\n<h2 class=\"wp-block-heading\" id=\"m5234\">Vorbehalt der Nutzung f\u00fcr Text und Data Mining<\/h2>\n\n\n\n<p>Vorbehalt der Nutzung f\u00fcr Text und Data Mining: Der Inhaber dieser Website gestattet die Nutzung oder das Herunterladen von Inhalten dieser Website durch Dritte f\u00fcr die Entwicklung, das Training oder den Betrieb von k\u00fcnstlicher Intelligenz oder anderen maschinellen Lernsystemen (&#8222;Text und Data Mining&#8220;) ausschlie\u00dflich mit ausdr\u00fccklicher schriftlicher Zustimmung des Inhabers. Ohne eine solche Zustimmung ist es untersagt, die Inhalte f\u00fcr Text und Data Mining zu verwenden. Dies gilt auch, wenn auf der Website keine Meta-Angaben vorhanden sind, die entsprechende Verfahren aussperren, und selbst dann, wenn Bots, die den Zweck haben, die Website zu Zwecken des Text und Data Mining auszulesen, nicht ausgesperrt werden.<\/p>\n\n\n\n<h2 class=\"wp-block-heading\" id=\"m65\">Haftungs- und Schutzrechtshinweise<\/h2>\n\n\n\n<p><strong>Haftungsausschluss:<\/strong> Die Inhalte dieses Onlineangebotes wurden sorgf\u00e4ltig und nach meinem aktuellen Kenntnisstand erstellt, dienen jedoch nur der Information und entfalten keine rechtlich bindende Wirkung, sofern es sich nicht um gesetzlich verpflichtende Informationen (z. B. das Impressum, die Datenschutzerkl\u00e4rung, AGB oder verpflichtende Belehrungen von Verbrauchern) handelt. Ich behalte mir vor, die Inhalte vollst\u00e4ndig oder teilweise zu \u00e4ndern oder zu l\u00f6schen, soweit vertragliche Verpflichtungen unber\u00fchrt bleiben. Alle Angebote sind freibleibend und unverbindlich.<\/p>\n\n\n\n<p><strong>Links auf fremde Webseiten:<\/strong> Die Inhalte fremder Webseiten, auf die ich direkt oder indirekt verweise, liegen au\u00dferhalb meines Verantwortungsbereiches, und ich mache sie mir nicht zu Eigen. F\u00fcr alle Inhalte und Nachteile, die aus der Nutzung der in den verlinkten Webseiten aufrufbaren Informationen entstehen, \u00fcbernehme ich keine Verantwortung.<\/p>\n\n\n\n<p><strong>Urheberrechte und Markenrechte:<\/strong> Alle auf dieser Website dargestellten Inhalte, wie Texte, Fotografien, Grafiken, Marken und Warenzeichen, sind durch die jeweiligen Schutzrechte (Urheberrechte, Markenrechte) gesch\u00fctzt. Die Verwendung, Vervielf\u00e4ltigung usw. unterliegen meinen Rechten oder den Rechten der jeweiligen Urheber bzw. Rechteinhaber.<\/p>\n\n\n\n<p><strong>Hinweise auf Rechtsverst\u00f6\u00dfe:<\/strong> Sollten Sie innerhalb meines Internetauftritts Rechtsverst\u00f6\u00dfe bemerken, bitte ich Sie, mich darauf hinzuweisen. Ich werde rechtswidrige Inhalte und Links nach Kenntnisnahme unverz\u00fcglich entfernen.<\/p>\n\n\n\n<p><a href=\"https:\/\/datenschutz-generator.de\/\" target=\"_blank\" rel=\"noreferrer noopener\">Erstellt mit kostenlosem Datenschutz-Generator.de von Dr. Thomas Schwenke<\/a><\/p>\n","protected":false},"excerpt":{"rendered":"<p>Impressum Diensteanbieter Sandra GryzwatzRichard-Wagner-Str. 4b23556 L\u00fcbeckDeutschland Kontaktm\u00f6glichkeiten E-Mail-Adresse: kontakt@sandrateffner.com Kontaktformular: https:\/\/sandrateffner.com\/de\/kontakt Journalistisch-redaktionelle Angebote Inhaltlich verantwortlich: Sandra Grywatz (Adresse wie oben) Audiovisuelle Mediendienste Sitzland: Deutschland. Zust\u00e4ndige Regulierungs-, bzw. Aufsichtsbeh\u00f6rde: Medienanstalt Hamburg \/ Schleswig-Holstein (MA HSH), https:\/\/www.ma-hsh.de\/ Angaben zum Unternehmen Social Media und andere Onlinepr\u00e4senzen Dieses Impressum gilt auch f\u00fcr die folgenden Social-Media-Pr\u00e4senzen und Onlineprofile: Facebook: https:\/\/www.facebook.com\/sandrateffner [&hellip;]<\/p>\n","protected":false},"author":2,"featured_media":0,"parent":0,"menu_order":0,"comment_status":"closed","ping_status":"closed","template":"","meta":{"_uag_custom_page_level_css":"","site-sidebar-layout":"default","site-content-layout":"default","ast-site-content-layout":"default","site-content-style":"default","site-sidebar-style":"default","ast-global-header-display":"","ast-banner-title-visibility":"","ast-main-header-display":"","ast-hfb-above-header-display":"","ast-hfb-below-header-display":"","ast-hfb-mobile-header-display":"","site-post-title":"disabled","ast-breadcrumbs-content":"","ast-featured-img":"","footer-sml-layout":"","ast-disable-related-posts":"","theme-transparent-header-meta":"default","adv-header-id-meta":"","stick-header-meta":"","header-above-stick-meta":"","header-main-stick-meta":"","header-below-stick-meta":"","astra-migrate-meta-layouts":"set","ast-page-background-enabled":"default","ast-page-background-meta":{"desktop":{"background-color":"","background-image":"","background-repeat":"repeat","background-position":"center center","background-size":"auto","background-attachment":"scroll","background-type":"","background-media":"","overlay-type":"","overlay-color":"","overlay-opacity":"","overlay-gradient":""},"tablet":{"background-color":"","background-image":"","background-repeat":"repeat","background-position":"center center","background-size":"auto","background-attachment":"scroll","background-type":"","background-media":"","overlay-type":"","overlay-color":"","overlay-opacity":"","overlay-gradient":""},"mobile":{"background-color":"","background-image":"","background-repeat":"repeat","background-position":"center center","background-size":"auto","background-attachment":"scroll","background-type":"","background-media":"","overlay-type":"","overlay-color":"","overlay-opacity":"","overlay-gradient":""}},"ast-content-background-meta":{"desktop":{"background-color":"var(--ast-global-color-5)","background-image":"","background-repeat":"repeat","background-position":"center center","background-size":"auto","background-attachment":"scroll","background-type":"","background-media":"","overlay-type":"","overlay-color":"","overlay-opacity":"","overlay-gradient":""},"tablet":{"background-color":"var(--ast-global-color-5)","background-image":"","background-repeat":"repeat","background-position":"center center","background-size":"auto","background-attachment":"scroll","background-type":"","background-media":"","overlay-type":"","overlay-color":"","overlay-opacity":"","overlay-gradient":""},"mobile":{"background-color":"var(--ast-global-color-5)","background-image":"","background-repeat":"repeat","background-position":"center center","background-size":"auto","background-attachment":"scroll","background-type":"","background-media":"","overlay-type":"","overlay-color":"","overlay-opacity":"","overlay-gradient":""}},"footnotes":""},"class_list":["post-835","page","type-page","status-publish","hentry"],"uagb_featured_image_src":{"full":false,"thumbnail":false,"medium":false,"medium_large":false,"large":false,"1536x1536":false,"2048x2048":false},"uagb_author_info":{"display_name":"Sandra Teffner","author_link":"https:\/\/sandrateffner.com\/de\/author\/sandrasakae\/"},"uagb_comment_info":0,"uagb_excerpt":"Impressum Diensteanbieter Sandra GryzwatzRichard-Wagner-Str. 4b23556 L\u00fcbeckDeutschland Kontaktm\u00f6glichkeiten E-Mail-Adresse: kontakt@sandrateffner.com Kontaktformular: https:\/\/sandrateffner.com\/de\/kontakt Journalistisch-redaktionelle Angebote Inhaltlich verantwortlich: Sandra Grywatz (Adresse wie oben) Audiovisuelle Mediendienste Sitzland: Deutschland. Zust\u00e4ndige Regulierungs-, bzw. Aufsichtsbeh\u00f6rde: Medienanstalt Hamburg \/ Schleswig-Holstein (MA HSH), https:\/\/www.ma-hsh.de\/ Angaben zum Unternehmen Social Media und andere Onlinepr\u00e4senzen Dieses Impressum gilt auch f\u00fcr die folgenden Social-Media-Pr\u00e4senzen und Onlineprofile: Facebook: https:\/\/www.facebook.com\/sandrateffner&hellip;","_links":{"self":[{"href":"https:\/\/sandrateffner.com\/de\/wp-json\/wp\/v2\/pages\/835","targetHints":{"allow":["GET"]}}],"collection":[{"href":"https:\/\/sandrateffner.com\/de\/wp-json\/wp\/v2\/pages"}],"about":[{"href":"https:\/\/sandrateffner.com\/de\/wp-json\/wp\/v2\/types\/page"}],"author":[{"embeddable":true,"href":"https:\/\/sandrateffner.com\/de\/wp-json\/wp\/v2\/users\/2"}],"replies":[{"embeddable":true,"href":"https:\/\/sandrateffner.com\/de\/wp-json\/wp\/v2\/comments?post=835"}],"version-history":[{"count":3,"href":"https:\/\/sandrateffner.com\/de\/wp-json\/wp\/v2\/pages\/835\/revisions"}],"predecessor-version":[{"id":2112,"href":"https:\/\/sandrateffner.com\/de\/wp-json\/wp\/v2\/pages\/835\/revisions\/2112"}],"wp:attachment":[{"href":"https:\/\/sandrateffner.com\/de\/wp-json\/wp\/v2\/media?parent=835"}],"curies":[{"name":"wp","href":"https:\/\/api.w.org\/{rel}","templated":true}]}}